{"id":22,"date":"2018-03-28T20:21:38","date_gmt":"2018-03-28T18:21:38","guid":{"rendered":"https:\/\/christydoran.ch\/soundfountain\/?page_id=22"},"modified":"2018-03-28T20:21:38","modified_gmt":"2018-03-28T18:21:38","slug":"franco-fontanarrosa","status":"publish","type":"page","link":"https:\/\/christydoran.ch\/soundfountain\/band\/franco-fontanarrosa\/","title":{"rendered":"Franco Fontanarrosa"},"content":{"rendered":"<p><img fetchpriority=\"high\" decoding=\"async\" class=\"alignnone size-large wp-image-323\" src=\"http:\/\/christydoran.ch\/soundfountain\/wp-content\/uploads\/franco-05-1-1024x685.jpg\" alt=\"CHRISTY DORAN'S SOUND FOUNTAINFOTOS MARTIN BONETTO\" width=\"1024\" height=\"685\" \/><\/p>\n<p>Franco Fontanarrosa was born in april 18th, 1983 in Rosario, Argentina. Son of the great humorist and writer Roberto Fontanarrosa, Franco was exposed to art, observation and the habit of creation since he was a kid.<\/p>\n<p>At age of 11 he starts studying electric bass.\u00a0At age of 17 he starts a project, \u201cFuga de Cerebros\u201d with pianist Paula Shocr\u00f3n and drummer Alexis Perepelycia. This band got the attention of the jazz scene in Rosario and Franco was elected as \u201crevelation artist\u201d at the Rosario Jazz Festival in year 2001. At age of 20 Franco starts living in Buenos Aires, city in wich he lives today. During these years, he has been part of different projects such as \u201cCapitanes de La Industria\u201d, \u201cDatrebil\u201d, \u201cPanza\u201d, \u201cAxes\u201d, \u201cResistencia Chaco\u201d, \u201cOrquesta Ruido Negro\u201d, \u201cTemporal\u201d, \u201cAndrea Alvarez Tr\u00edo\u201d, etc.<\/p>\n<p>Franco has worked in many projects with actor, comedian and musician Mex Urtizberea. He recorded on his solo album, played live on two theatre plays, and worked as a live musician on the TV programs \u201cMa\u00f1ana Vemos\u201d, \u201cLaboratorios Dormev\u00fa\u201d and \u201cLa Kermex\u201d. In this TV programs Franco accompany many artists such as Hugo and Osvaldo Fattoruso, Lenine, Liliana Herrero, Rodolfo Mederos, Luis Salinas, Rub\u00e9n Rada, etc. Franco also has composed music for theatre plays, music for short films, music for TV programs, institutional music for TV channels, and he even acted on a theatre play as a musician rol on a play inspired by the stories writen by he\u00b4s father. He also makes \u201cstop motion\u201d animation.<\/p>\n<p>Franco is part of the free improvisation and performance duo called \u201cNi\u00f1o Envuelto\u201d with artist Alexis Perepelycia. With this project they won two subsidys, one from \u201cFondo Nacional de la Artes\u201d (Argentina) and another from \u201cMinisterio de Innovaci\u00f3n y Cultura de la provincia de Santa Fe\u201d (Argentina) to make a experimental film called \u201cAjendra\u201d wicjh was written and directed by \u201cNi\u00f1o Envuelto\u201d.<\/p>\n<p>In year 2005 Franco starts his own project called \u201cLa Mujer Barbuda\u201d, actually, this project is formed by Mart\u00edn Pantyrer (baritone sax and bass clarinet), Nicol\u00e1s \u201cMu\u201d Sanchez (electric guitar), Lulo Isod (drums) and Franco Fontanarrosa (electric bass and composition).<\/p>\n<p>La Mujer Barbuda has two albums edited, the second one was edited by SONY and has been called by the press as one the most fresh and innovative musical realities of Argentina. La Mujer Barbuda was also elected as \u201crevelation artist\u201d for their debut album by the press in a poll made to the journalists by the website \u201cEl Intruso\u201d.<\/p>\n<p>Now in year 2015 he\u00b4s starting a new international project, with Christy Doran and Lukas Mantel, both musicians that live in Switzerland. The new band is called \u201cChristy Doran\u00b4s SOUND FOUNTAIN\u201d.<\/p>\n<p>During his carrer Franco Fontanarrosa has played on over 20 albums, and has played with artists such as David Fuiczynski, Akira Nakamura, Enrique Norris, Paula Shocr\u00f3n, Santiago Vazquez, Wenchi Lazo, Lucio Balduini, Carto Brand\u00e1n, B\u00e1rbara Togander, Juan Pablo Hernandez, Fernando Kabusacki, Jota Morelli, Franco Luciani, La Bomba de Tiempo and many others.<\/p>\n","protected":false},"excerpt":{"rendered":"<p>Franco Fontanarrosa was born in april 18th, 1983 in Rosario, Argentina. Son of the great humorist and writer Roberto Fontanarrosa, Franco was exposed to art, observation and the habit of creation since he was a kid. At age of 11 he starts studying electric bass.\u00a0At age of 17 he starts a project, \u201cFuga de Cerebros\u201d [&hellip;]<\/p>\n","protected":false},"author":1,"featured_media":0,"parent":15,"menu_order":0,"comment_status":"closed","ping_status":"closed","template":"","meta":{"footnotes":""},"class_list":["post-22","page","type-page","status-publish","hentry"],"yoast_head":"<!-- This site is optimized with the Yoast SEO plugin v27.5 - https:\/\/yoast.com\/product\/yoast-seo-wordpress\/ -->\n<title>Franco Fontanarrosa - Christy Doran&#039;s Sound Fountain<\/title>\n<meta name=\"robots\" content=\"index, follow, max-snippet:-1, max-image-preview:large, max-video-preview:-1\" \/>\n<link rel=\"canonical\" href=\"https:\/\/christydoran.ch\/soundfountain\/band\/franco-fontanarrosa\/\" \/>\n<meta property=\"og:locale\" content=\"de_DE\" \/>\n<meta property=\"og:type\" content=\"article\" \/>\n<meta property=\"og:title\" content=\"Franco Fontanarrosa - Christy Doran&#039;s Sound Fountain\" \/>\n<meta property=\"og:description\" content=\"Franco Fontanarrosa was born in april 18th, 1983 in Rosario, Argentina. Son of the great humorist and writer Roberto Fontanarrosa, Franco was exposed to art, observation and the habit of creation since he was a kid. At age of 11 he starts studying electric bass.\u00a0At age of 17 he starts a project, \u201cFuga de Cerebros\u201d [&hellip;]\" \/>\n<meta property=\"og:url\" content=\"https:\/\/christydoran.ch\/soundfountain\/band\/franco-fontanarrosa\/\" \/>\n<meta property=\"og:site_name\" content=\"Christy Doran&#039;s Sound Fountain\" \/>\n<meta property=\"og:image\" content=\"http:\/\/christydoran.ch\/soundfountain\/wp-content\/uploads\/franco-05-1-1024x685.jpg\" \/>\n<meta name=\"twitter:card\" content=\"summary_large_image\" \/>\n<meta name=\"twitter:label1\" content=\"Gesch\u00e4tzte Lesezeit\" \/>\n\t<meta name=\"twitter:data1\" content=\"3\u00a0Minuten\" \/>\n<script type=\"application\/ld+json\" class=\"yoast-schema-graph\">{\"@context\":\"https:\\\/\\\/schema.org\",\"@graph\":[{\"@type\":\"WebPage\",\"@id\":\"https:\\\/\\\/christydoran.ch\\\/soundfountain\\\/band\\\/franco-fontanarrosa\\\/\",\"url\":\"https:\\\/\\\/christydoran.ch\\\/soundfountain\\\/band\\\/franco-fontanarrosa\\\/\",\"name\":\"Franco Fontanarrosa - Christy Doran&#039;s Sound Fountain\",\"isPartOf\":{\"@id\":\"https:\\\/\\\/christydoran.ch\\\/soundfountain\\\/#website\"},\"primaryImageOfPage\":{\"@id\":\"https:\\\/\\\/christydoran.ch\\\/soundfountain\\\/band\\\/franco-fontanarrosa\\\/#primaryimage\"},\"image\":{\"@id\":\"https:\\\/\\\/christydoran.ch\\\/soundfountain\\\/band\\\/franco-fontanarrosa\\\/#primaryimage\"},\"thumbnailUrl\":\"http:\\\/\\\/christydoran.ch\\\/soundfountain\\\/wp-content\\\/uploads\\\/franco-05-1-1024x685.jpg\",\"datePublished\":\"2018-03-28T18:21:38+00:00\",\"breadcrumb\":{\"@id\":\"https:\\\/\\\/christydoran.ch\\\/soundfountain\\\/band\\\/franco-fontanarrosa\\\/#breadcrumb\"},\"inLanguage\":\"de\",\"potentialAction\":[{\"@type\":\"ReadAction\",\"target\":[\"https:\\\/\\\/christydoran.ch\\\/soundfountain\\\/band\\\/franco-fontanarrosa\\\/\"]}]},{\"@type\":\"ImageObject\",\"inLanguage\":\"de\",\"@id\":\"https:\\\/\\\/christydoran.ch\\\/soundfountain\\\/band\\\/franco-fontanarrosa\\\/#primaryimage\",\"url\":\"http:\\\/\\\/christydoran.ch\\\/soundfountain\\\/wp-content\\\/uploads\\\/franco-05-1-1024x685.jpg\",\"contentUrl\":\"http:\\\/\\\/christydoran.ch\\\/soundfountain\\\/wp-content\\\/uploads\\\/franco-05-1-1024x685.jpg\"},{\"@type\":\"BreadcrumbList\",\"@id\":\"https:\\\/\\\/christydoran.ch\\\/soundfountain\\\/band\\\/franco-fontanarrosa\\\/#breadcrumb\",\"itemListElement\":[{\"@type\":\"ListItem\",\"position\":1,\"name\":\"Home\",\"item\":\"https:\\\/\\\/christydoran.ch\\\/soundfountain\\\/\"},{\"@type\":\"ListItem\",\"position\":2,\"name\":\"Band\",\"item\":\"https:\\\/\\\/christydoran.ch\\\/soundfountain\\\/band\\\/\"},{\"@type\":\"ListItem\",\"position\":3,\"name\":\"Franco Fontanarrosa\"}]},{\"@type\":\"WebSite\",\"@id\":\"https:\\\/\\\/christydoran.ch\\\/soundfountain\\\/#website\",\"url\":\"https:\\\/\\\/christydoran.ch\\\/soundfountain\\\/\",\"name\":\"Christy Doran's Sound Fountain\",\"description\":\"\",\"publisher\":{\"@id\":\"https:\\\/\\\/christydoran.ch\\\/soundfountain\\\/#organization\"},\"potentialAction\":[{\"@type\":\"SearchAction\",\"target\":{\"@type\":\"EntryPoint\",\"urlTemplate\":\"https:\\\/\\\/christydoran.ch\\\/soundfountain\\\/?s={search_term_string}\"},\"query-input\":{\"@type\":\"PropertyValueSpecification\",\"valueRequired\":true,\"valueName\":\"search_term_string\"}}],\"inLanguage\":\"de\"},{\"@type\":\"Organization\",\"@id\":\"https:\\\/\\\/christydoran.ch\\\/soundfountain\\\/#organization\",\"name\":\"Christy Doran's Sound Fountain\",\"url\":\"https:\\\/\\\/christydoran.ch\\\/soundfountain\\\/\",\"logo\":{\"@type\":\"ImageObject\",\"inLanguage\":\"de\",\"@id\":\"https:\\\/\\\/christydoran.ch\\\/soundfountain\\\/#\\\/schema\\\/logo\\\/image\\\/\",\"url\":\"https:\\\/\\\/christydoran.ch\\\/soundfountain\\\/wp-content\\\/uploads\\\/2018\\\/03\\\/CDSF-08-694x1024.jpg\",\"contentUrl\":\"https:\\\/\\\/christydoran.ch\\\/soundfountain\\\/wp-content\\\/uploads\\\/2018\\\/03\\\/CDSF-08-694x1024.jpg\",\"width\":694,\"height\":1024,\"caption\":\"Christy Doran's Sound Fountain\"},\"image\":{\"@id\":\"https:\\\/\\\/christydoran.ch\\\/soundfountain\\\/#\\\/schema\\\/logo\\\/image\\\/\"}}]}<\/script>\n<!-- \/ Yoast SEO plugin. -->","yoast_head_json":{"title":"Franco Fontanarrosa - Christy Doran&#039;s Sound Fountain","robots":{"index":"index","follow":"follow","max-snippet":"max-snippet:-1","max-image-preview":"max-image-preview:large","max-video-preview":"max-video-preview:-1"},"canonical":"https:\/\/christydoran.ch\/soundfountain\/band\/franco-fontanarrosa\/","og_locale":"de_DE","og_type":"article","og_title":"Franco Fontanarrosa - Christy Doran&#039;s Sound Fountain","og_description":"Franco Fontanarrosa was born in april 18th, 1983 in Rosario, Argentina. Son of the great humorist and writer Roberto Fontanarrosa, Franco was exposed to art, observation and the habit of creation since he was a kid. At age of 11 he starts studying electric bass.\u00a0At age of 17 he starts a project, \u201cFuga de Cerebros\u201d [&hellip;]","og_url":"https:\/\/christydoran.ch\/soundfountain\/band\/franco-fontanarrosa\/","og_site_name":"Christy Doran&#039;s Sound Fountain","og_image":[{"url":"http:\/\/christydoran.ch\/soundfountain\/wp-content\/uploads\/franco-05-1-1024x685.jpg","type":"","width":"","height":""}],"twitter_card":"summary_large_image","twitter_misc":{"Gesch\u00e4tzte Lesezeit":"3\u00a0Minuten"},"schema":{"@context":"https:\/\/schema.org","@graph":[{"@type":"WebPage","@id":"https:\/\/christydoran.ch\/soundfountain\/band\/franco-fontanarrosa\/","url":"https:\/\/christydoran.ch\/soundfountain\/band\/franco-fontanarrosa\/","name":"Franco Fontanarrosa - Christy Doran&#039;s Sound Fountain","isPartOf":{"@id":"https:\/\/christydoran.ch\/soundfountain\/#website"},"primaryImageOfPage":{"@id":"https:\/\/christydoran.ch\/soundfountain\/band\/franco-fontanarrosa\/#primaryimage"},"image":{"@id":"https:\/\/christydoran.ch\/soundfountain\/band\/franco-fontanarrosa\/#primaryimage"},"thumbnailUrl":"http:\/\/christydoran.ch\/soundfountain\/wp-content\/uploads\/franco-05-1-1024x685.jpg","datePublished":"2018-03-28T18:21:38+00:00","breadcrumb":{"@id":"https:\/\/christydoran.ch\/soundfountain\/band\/franco-fontanarrosa\/#breadcrumb"},"inLanguage":"de","potentialAction":[{"@type":"ReadAction","target":["https:\/\/christydoran.ch\/soundfountain\/band\/franco-fontanarrosa\/"]}]},{"@type":"ImageObject","inLanguage":"de","@id":"https:\/\/christydoran.ch\/soundfountain\/band\/franco-fontanarrosa\/#primaryimage","url":"http:\/\/christydoran.ch\/soundfountain\/wp-content\/uploads\/franco-05-1-1024x685.jpg","contentUrl":"http:\/\/christydoran.ch\/soundfountain\/wp-content\/uploads\/franco-05-1-1024x685.jpg"},{"@type":"BreadcrumbList","@id":"https:\/\/christydoran.ch\/soundfountain\/band\/franco-fontanarrosa\/#breadcrumb","itemListElement":[{"@type":"ListItem","position":1,"name":"Home","item":"https:\/\/christydoran.ch\/soundfountain\/"},{"@type":"ListItem","position":2,"name":"Band","item":"https:\/\/christydoran.ch\/soundfountain\/band\/"},{"@type":"ListItem","position":3,"name":"Franco Fontanarrosa"}]},{"@type":"WebSite","@id":"https:\/\/christydoran.ch\/soundfountain\/#website","url":"https:\/\/christydoran.ch\/soundfountain\/","name":"Christy Doran's Sound Fountain","description":"","publisher":{"@id":"https:\/\/christydoran.ch\/soundfountain\/#organization"},"potentialAction":[{"@type":"SearchAction","target":{"@type":"EntryPoint","urlTemplate":"https:\/\/christydoran.ch\/soundfountain\/?s={search_term_string}"},"query-input":{"@type":"PropertyValueSpecification","valueRequired":true,"valueName":"search_term_string"}}],"inLanguage":"de"},{"@type":"Organization","@id":"https:\/\/christydoran.ch\/soundfountain\/#organization","name":"Christy Doran's Sound Fountain","url":"https:\/\/christydoran.ch\/soundfountain\/","logo":{"@type":"ImageObject","inLanguage":"de","@id":"https:\/\/christydoran.ch\/soundfountain\/#\/schema\/logo\/image\/","url":"https:\/\/christydoran.ch\/soundfountain\/wp-content\/uploads\/2018\/03\/CDSF-08-694x1024.jpg","contentUrl":"https:\/\/christydoran.ch\/soundfountain\/wp-content\/uploads\/2018\/03\/CDSF-08-694x1024.jpg","width":694,"height":1024,"caption":"Christy Doran's Sound Fountain"},"image":{"@id":"https:\/\/christydoran.ch\/soundfountain\/#\/schema\/logo\/image\/"}}]}},"_links":{"self":[{"href":"https:\/\/christydoran.ch\/soundfountain\/wp-json\/wp\/v2\/pages\/22","targetHints":{"allow":["GET"]}}],"collection":[{"href":"https:\/\/christydoran.ch\/soundfountain\/wp-json\/wp\/v2\/pages"}],"about":[{"href":"https:\/\/christydoran.ch\/soundfountain\/wp-json\/wp\/v2\/types\/page"}],"author":[{"embeddable":true,"href":"https:\/\/christydoran.ch\/soundfountain\/wp-json\/wp\/v2\/users\/1"}],"replies":[{"embeddable":true,"href":"https:\/\/christydoran.ch\/soundfountain\/wp-json\/wp\/v2\/comments?post=22"}],"version-history":[{"count":1,"href":"https:\/\/christydoran.ch\/soundfountain\/wp-json\/wp\/v2\/pages\/22\/revisions"}],"predecessor-version":[{"id":23,"href":"https:\/\/christydoran.ch\/soundfountain\/wp-json\/wp\/v2\/pages\/22\/revisions\/23"}],"up":[{"embeddable":true,"href":"https:\/\/christydoran.ch\/soundfountain\/wp-json\/wp\/v2\/pages\/15"}],"wp:attachment":[{"href":"https:\/\/christydoran.ch\/soundfountain\/wp-json\/wp\/v2\/media?parent=22"}],"curies":[{"name":"wp","href":"https:\/\/api.w.org\/{rel}","templated":true}]}}