{"id":17,"date":"2018-03-28T20:21:02","date_gmt":"2018-03-28T18:21:02","guid":{"rendered":"https:\/\/christydoran.ch\/soundfountain\/?page_id=17"},"modified":"2018-03-28T20:21:02","modified_gmt":"2018-03-28T18:21:02","slug":"biografia-espanol","status":"publish","type":"page","link":"https:\/\/christydoran.ch\/soundfountain\/band\/biografia-espanol\/","title":{"rendered":"Biograf\u00eda Espa\u00f1ol"},"content":{"rendered":"<h2>Christy Doran&#8217;s SOUND FOUNTAIN<\/h2>\n<p><a href=\"http:\/\/christydoran.ch\/soundfountain\/band\/biografia-espanol\/christy-doran\/\">Christy Doran<\/a> guitarra el\u00e9ctrica y composici\u00f3n<\/p>\n<p><a href=\"http:\/\/christydoran.ch\/soundfountain\/band\/biografia-espanol\/franco-fontanarrosa\/\">Franco Fontanarrosa<\/a> bajo el\u00e9ctrico y composici\u00f3n<\/p>\n<p><a href=\"http:\/\/christydoran.ch\/soundfountain\/band\/biografia-espanol\/lukas-mantel\/\">Lukas Mantel<\/a> bater\u00eda y composici\u00f3n<\/p>\n<p>Despu\u00e9s de tres tours por Argentina, Chile, Suiza y Alemania el actual trio del guitarrista Irland\u00e9s\/Suizo Christy Doran presenta &#8220;Undercurrent&#8220; una serie de composiciones hechas espec\u00edficamente para el tr\u00edo.<\/p>\n<p>La m\u00fasica de &#8220;Christy Doran&#8217;s Sound Fountain&#8220; tiene influencia de g\u00e9neros tales como el Jazz, Rock, Ethno, M\u00fasica Contemporanea and Avant Garde. &#8220;Sound Fountain&#8220; explora paisajes sonoros que expanden los l\u00edmites del lenguaje del trio de jazz, uniendo los extremos entre material escrito de alta complejidad e improvisaci\u00f3n abstracta.<\/p>\n<p>Durante la gira por Argentina en el a\u00f1o 2015, el trio graba su primer disco, titulado &#8220;Belle Epoque&#8220;. Dicho album fue grabado en vivo en Buenos Aires y editado por el prestigioso sello alem\u00e1n &#8220;Between the lines&#8220;.<\/p>\n<p>Este trabajo fue seleccionado por la revista estadounidense &#8220;NY City Jazz&#8220; como uno de los mejores discos del a\u00f1o 2016.<\/p>\n<p>&#8220;Undercurrent&#8220;, el pr\u00f3ximo album del trio, ser\u00e1 grabado en vivo por la radio WDR, en G\u00fctersloh, Alemania, donde Christy Doran fue seleccionado para el evento &#8220;European Jazz Legends&#8220;. Dicha grabaci\u00f3n ser\u00e1 editada como un disco por el sello &#8220;Intuition Records&#8220;<\/p>\n","protected":false},"excerpt":{"rendered":"<p>Christy Doran&#8217;s SOUND FOUNTAIN Christy Doran guitarra el\u00e9ctrica y composici\u00f3n Franco Fontanarrosa bajo el\u00e9ctrico y composici\u00f3n Lukas Mantel bater\u00eda y composici\u00f3n Despu\u00e9s de tres tours por Argentina, Chile, Suiza y Alemania el actual trio del guitarrista Irland\u00e9s\/Suizo Christy Doran presenta &#8220;Undercurrent&#8220; una serie de composiciones hechas espec\u00edficamente para el tr\u00edo. La m\u00fasica de &#8220;Christy Doran&#8217;s [&hellip;]<\/p>\n","protected":false},"author":1,"featured_media":0,"parent":15,"menu_order":0,"comment_status":"closed","ping_status":"closed","template":"","meta":{"footnotes":""},"class_list":["post-17","page","type-page","status-publish","hentry"],"yoast_head":"<!-- This site is optimized with the Yoast SEO plugin v27.4 - https:\/\/yoast.com\/product\/yoast-seo-wordpress\/ -->\n<title>Biograf\u00eda Espa\u00f1ol - Christy Doran&#039;s Sound Fountain<\/title>\n<meta name=\"robots\" content=\"index, follow, max-snippet:-1, max-image-preview:large, max-video-preview:-1\" \/>\n<link rel=\"canonical\" href=\"https:\/\/christydoran.ch\/soundfountain\/band\/biografia-espanol\/\" \/>\n<meta property=\"og:locale\" content=\"de_DE\" \/>\n<meta property=\"og:type\" content=\"article\" \/>\n<meta property=\"og:title\" content=\"Biograf\u00eda Espa\u00f1ol - Christy Doran&#039;s Sound Fountain\" \/>\n<meta property=\"og:description\" content=\"Christy Doran&#8217;s SOUND FOUNTAIN Christy Doran guitarra el\u00e9ctrica y composici\u00f3n Franco Fontanarrosa bajo el\u00e9ctrico y composici\u00f3n Lukas Mantel bater\u00eda y composici\u00f3n Despu\u00e9s de tres tours por Argentina, Chile, Suiza y Alemania el actual trio del guitarrista Irland\u00e9s\/Suizo Christy Doran presenta &#8220;Undercurrent&#8220; una serie de composiciones hechas espec\u00edficamente para el tr\u00edo. La m\u00fasica de &#8220;Christy Doran&#8217;s [&hellip;]\" \/>\n<meta property=\"og:url\" content=\"https:\/\/christydoran.ch\/soundfountain\/band\/biografia-espanol\/\" \/>\n<meta property=\"og:site_name\" content=\"Christy Doran&#039;s Sound Fountain\" \/>\n<meta name=\"twitter:card\" content=\"summary_large_image\" \/>\n<meta name=\"twitter:label1\" content=\"Gesch\u00e4tzte Lesezeit\" \/>\n\t<meta name=\"twitter:data1\" content=\"1\u00a0Minute\" \/>\n<script type=\"application\/ld+json\" class=\"yoast-schema-graph\">{\"@context\":\"https:\\\/\\\/schema.org\",\"@graph\":[{\"@type\":\"WebPage\",\"@id\":\"https:\\\/\\\/christydoran.ch\\\/soundfountain\\\/band\\\/biografia-espanol\\\/\",\"url\":\"https:\\\/\\\/christydoran.ch\\\/soundfountain\\\/band\\\/biografia-espanol\\\/\",\"name\":\"Biograf\u00eda Espa\u00f1ol - Christy Doran&#039;s Sound Fountain\",\"isPartOf\":{\"@id\":\"https:\\\/\\\/christydoran.ch\\\/soundfountain\\\/#website\"},\"datePublished\":\"2018-03-28T18:21:02+00:00\",\"breadcrumb\":{\"@id\":\"https:\\\/\\\/christydoran.ch\\\/soundfountain\\\/band\\\/biografia-espanol\\\/#breadcrumb\"},\"inLanguage\":\"de\",\"potentialAction\":[{\"@type\":\"ReadAction\",\"target\":[\"https:\\\/\\\/christydoran.ch\\\/soundfountain\\\/band\\\/biografia-espanol\\\/\"]}]},{\"@type\":\"BreadcrumbList\",\"@id\":\"https:\\\/\\\/christydoran.ch\\\/soundfountain\\\/band\\\/biografia-espanol\\\/#breadcrumb\",\"itemListElement\":[{\"@type\":\"ListItem\",\"position\":1,\"name\":\"Home\",\"item\":\"https:\\\/\\\/christydoran.ch\\\/soundfountain\\\/\"},{\"@type\":\"ListItem\",\"position\":2,\"name\":\"Band\",\"item\":\"https:\\\/\\\/christydoran.ch\\\/soundfountain\\\/band\\\/\"},{\"@type\":\"ListItem\",\"position\":3,\"name\":\"Biograf\u00eda Espa\u00f1ol\"}]},{\"@type\":\"WebSite\",\"@id\":\"https:\\\/\\\/christydoran.ch\\\/soundfountain\\\/#website\",\"url\":\"https:\\\/\\\/christydoran.ch\\\/soundfountain\\\/\",\"name\":\"Christy Doran's Sound Fountain\",\"description\":\"\",\"publisher\":{\"@id\":\"https:\\\/\\\/christydoran.ch\\\/soundfountain\\\/#organization\"},\"potentialAction\":[{\"@type\":\"SearchAction\",\"target\":{\"@type\":\"EntryPoint\",\"urlTemplate\":\"https:\\\/\\\/christydoran.ch\\\/soundfountain\\\/?s={search_term_string}\"},\"query-input\":{\"@type\":\"PropertyValueSpecification\",\"valueRequired\":true,\"valueName\":\"search_term_string\"}}],\"inLanguage\":\"de\"},{\"@type\":\"Organization\",\"@id\":\"https:\\\/\\\/christydoran.ch\\\/soundfountain\\\/#organization\",\"name\":\"Christy Doran's Sound Fountain\",\"url\":\"https:\\\/\\\/christydoran.ch\\\/soundfountain\\\/\",\"logo\":{\"@type\":\"ImageObject\",\"inLanguage\":\"de\",\"@id\":\"https:\\\/\\\/christydoran.ch\\\/soundfountain\\\/#\\\/schema\\\/logo\\\/image\\\/\",\"url\":\"https:\\\/\\\/christydoran.ch\\\/soundfountain\\\/wp-content\\\/uploads\\\/2018\\\/03\\\/CDSF-08-694x1024.jpg\",\"contentUrl\":\"https:\\\/\\\/christydoran.ch\\\/soundfountain\\\/wp-content\\\/uploads\\\/2018\\\/03\\\/CDSF-08-694x1024.jpg\",\"width\":694,\"height\":1024,\"caption\":\"Christy Doran's Sound Fountain\"},\"image\":{\"@id\":\"https:\\\/\\\/christydoran.ch\\\/soundfountain\\\/#\\\/schema\\\/logo\\\/image\\\/\"}}]}<\/script>\n<!-- \/ Yoast SEO plugin. -->","yoast_head_json":{"title":"Biograf\u00eda Espa\u00f1ol - Christy Doran&#039;s Sound Fountain","robots":{"index":"index","follow":"follow","max-snippet":"max-snippet:-1","max-image-preview":"max-image-preview:large","max-video-preview":"max-video-preview:-1"},"canonical":"https:\/\/christydoran.ch\/soundfountain\/band\/biografia-espanol\/","og_locale":"de_DE","og_type":"article","og_title":"Biograf\u00eda Espa\u00f1ol - Christy Doran&#039;s Sound Fountain","og_description":"Christy Doran&#8217;s SOUND FOUNTAIN Christy Doran guitarra el\u00e9ctrica y composici\u00f3n Franco Fontanarrosa bajo el\u00e9ctrico y composici\u00f3n Lukas Mantel bater\u00eda y composici\u00f3n Despu\u00e9s de tres tours por Argentina, Chile, Suiza y Alemania el actual trio del guitarrista Irland\u00e9s\/Suizo Christy Doran presenta &#8220;Undercurrent&#8220; una serie de composiciones hechas espec\u00edficamente para el tr\u00edo. La m\u00fasica de &#8220;Christy Doran&#8217;s [&hellip;]","og_url":"https:\/\/christydoran.ch\/soundfountain\/band\/biografia-espanol\/","og_site_name":"Christy Doran&#039;s Sound Fountain","twitter_card":"summary_large_image","twitter_misc":{"Gesch\u00e4tzte Lesezeit":"1\u00a0Minute"},"schema":{"@context":"https:\/\/schema.org","@graph":[{"@type":"WebPage","@id":"https:\/\/christydoran.ch\/soundfountain\/band\/biografia-espanol\/","url":"https:\/\/christydoran.ch\/soundfountain\/band\/biografia-espanol\/","name":"Biograf\u00eda Espa\u00f1ol - Christy Doran&#039;s Sound Fountain","isPartOf":{"@id":"https:\/\/christydoran.ch\/soundfountain\/#website"},"datePublished":"2018-03-28T18:21:02+00:00","breadcrumb":{"@id":"https:\/\/christydoran.ch\/soundfountain\/band\/biografia-espanol\/#breadcrumb"},"inLanguage":"de","potentialAction":[{"@type":"ReadAction","target":["https:\/\/christydoran.ch\/soundfountain\/band\/biografia-espanol\/"]}]},{"@type":"BreadcrumbList","@id":"https:\/\/christydoran.ch\/soundfountain\/band\/biografia-espanol\/#breadcrumb","itemListElement":[{"@type":"ListItem","position":1,"name":"Home","item":"https:\/\/christydoran.ch\/soundfountain\/"},{"@type":"ListItem","position":2,"name":"Band","item":"https:\/\/christydoran.ch\/soundfountain\/band\/"},{"@type":"ListItem","position":3,"name":"Biograf\u00eda Espa\u00f1ol"}]},{"@type":"WebSite","@id":"https:\/\/christydoran.ch\/soundfountain\/#website","url":"https:\/\/christydoran.ch\/soundfountain\/","name":"Christy Doran's Sound Fountain","description":"","publisher":{"@id":"https:\/\/christydoran.ch\/soundfountain\/#organization"},"potentialAction":[{"@type":"SearchAction","target":{"@type":"EntryPoint","urlTemplate":"https:\/\/christydoran.ch\/soundfountain\/?s={search_term_string}"},"query-input":{"@type":"PropertyValueSpecification","valueRequired":true,"valueName":"search_term_string"}}],"inLanguage":"de"},{"@type":"Organization","@id":"https:\/\/christydoran.ch\/soundfountain\/#organization","name":"Christy Doran's Sound Fountain","url":"https:\/\/christydoran.ch\/soundfountain\/","logo":{"@type":"ImageObject","inLanguage":"de","@id":"https:\/\/christydoran.ch\/soundfountain\/#\/schema\/logo\/image\/","url":"https:\/\/christydoran.ch\/soundfountain\/wp-content\/uploads\/2018\/03\/CDSF-08-694x1024.jpg","contentUrl":"https:\/\/christydoran.ch\/soundfountain\/wp-content\/uploads\/2018\/03\/CDSF-08-694x1024.jpg","width":694,"height":1024,"caption":"Christy Doran's Sound Fountain"},"image":{"@id":"https:\/\/christydoran.ch\/soundfountain\/#\/schema\/logo\/image\/"}}]}},"_links":{"self":[{"href":"https:\/\/christydoran.ch\/soundfountain\/wp-json\/wp\/v2\/pages\/17","targetHints":{"allow":["GET"]}}],"collection":[{"href":"https:\/\/christydoran.ch\/soundfountain\/wp-json\/wp\/v2\/pages"}],"about":[{"href":"https:\/\/christydoran.ch\/soundfountain\/wp-json\/wp\/v2\/types\/page"}],"author":[{"embeddable":true,"href":"https:\/\/christydoran.ch\/soundfountain\/wp-json\/wp\/v2\/users\/1"}],"replies":[{"embeddable":true,"href":"https:\/\/christydoran.ch\/soundfountain\/wp-json\/wp\/v2\/comments?post=17"}],"version-history":[{"count":2,"href":"https:\/\/christydoran.ch\/soundfountain\/wp-json\/wp\/v2\/pages\/17\/revisions"}],"predecessor-version":[{"id":19,"href":"https:\/\/christydoran.ch\/soundfountain\/wp-json\/wp\/v2\/pages\/17\/revisions\/19"}],"up":[{"embeddable":true,"href":"https:\/\/christydoran.ch\/soundfountain\/wp-json\/wp\/v2\/pages\/15"}],"wp:attachment":[{"href":"https:\/\/christydoran.ch\/soundfountain\/wp-json\/wp\/v2\/media?parent=17"}],"curies":[{"name":"wp","href":"https:\/\/api.w.org\/{rel}","templated":true}]}}